{"id":24688,"date":"2025-09-08T19:56:02","date_gmt":"2025-09-08T22:56:02","guid":{"rendered":"https:\/\/thomasroodson.dev\/portalaciara-backup\/?page_id=24688"},"modified":"2025-09-09T19:49:39","modified_gmt":"2025-09-09T22:49:39","slug":"clube-de-beneficios","status":"publish","type":"page","link":"https:\/\/portalaciara.com\/novosite\/clube-de-beneficios\/","title":{"rendered":"Clube de Benef\u00edcios"},"content":{"rendered":"\n<div class=\"wp-block-columns is-layout-flex wp-container-core-columns-is-layout-28f84493 wp-block-columns-is-layout-flex\">\n<div class=\"wp-block-column is-vertically-aligned-center is-layout-flow wp-block-column-is-layout-flow\">\n<p>Aumente suas for\u00e7as como empres\u00e1rio e fa\u00e7a parte do associativismo ACIARA, vamos nos unir em prol do desenvolvimento socioecon\u00f4mico e a cria\u00e7\u00e3o de um ambiente adequado para os neg\u00f3cios, por meio de a\u00e7\u00f5es planejamento em conjunto que contribuam para o aquecimento das vendas e crescimento do mercado de Aragua\u00edna \u2013 TO.<\/p>\n\n\n\n<div class=\"wp-block-buttons is-layout-flex wp-block-buttons-is-layout-flex\">\n<div class=\"wp-block-button\"><a class=\"wp-block-button__link has-white-color has-text-color has-background has-link-color wp-element-button\" href=\"https:\/\/portalaciara.com\/novosite\/convenios\/\" style=\"background-color:#ff8b0d\">Conv\u00eanios<\/a><\/div>\n<\/div>\n<\/div>\n\n\n\n<div class=\"wp-block-column is-layout-flow wp-block-column-is-layout-flow\">\n<figure class=\"wp-block-image size-full\"><img fetchpriority=\"high\" decoding=\"async\" width=\"442\" height=\"290\" src=\"https:\/\/portalaciara.com\/novosite\/wp-content\/uploads\/2025\/09\/card.webp\" alt=\"\" class=\"wp-image-24690\" srcset=\"https:\/\/portalaciara.com\/novosite\/wp-content\/uploads\/2025\/09\/card.webp 442w, https:\/\/portalaciara.com\/novosite\/wp-content\/uploads\/2025\/09\/card-300x197.webp 300w\" sizes=\"(max-width: 442px) 100vw, 442px\" \/><\/figure>\n<\/div>\n<\/div>\n\n\n\n<p><\/p>\n","protected":false},"excerpt":{"rendered":"<p>Aumente suas for\u00e7as como empres\u00e1rio e fa\u00e7a parte do associativismo ACIARA, vamos nos unir em prol do desenvolvimento socioecon\u00f4mico e a cria\u00e7\u00e3o de um ambiente adequado para os neg\u00f3cios, por meio de a\u00e7\u00f5es planejamento em conjunto que contribuam para o aquecimento das vendas e crescimento do mercado de Aragua\u00edna \u2013 TO.<\/p>\n","protected":false},"author":1,"featured_media":0,"parent":0,"menu_order":0,"comment_status":"closed","ping_status":"closed","template":"","meta":{"footnotes":""},"class_list":["post-24688","page","type-page","status-publish","hentry"],"_links":{"self":[{"href":"https:\/\/portalaciara.com\/novosite\/wp-json\/wp\/v2\/pages\/24688","targetHints":{"allow":["GET"]}}],"collection":[{"href":"https:\/\/portalaciara.com\/novosite\/wp-json\/wp\/v2\/pages"}],"about":[{"href":"https:\/\/portalaciara.com\/novosite\/wp-json\/wp\/v2\/types\/page"}],"author":[{"embeddable":true,"href":"https:\/\/portalaciara.com\/novosite\/wp-json\/wp\/v2\/users\/1"}],"replies":[{"embeddable":true,"href":"https:\/\/portalaciara.com\/novosite\/wp-json\/wp\/v2\/comments?post=24688"}],"version-history":[{"count":4,"href":"https:\/\/portalaciara.com\/novosite\/wp-json\/wp\/v2\/pages\/24688\/revisions"}],"predecessor-version":[{"id":24705,"href":"https:\/\/portalaciara.com\/novosite\/wp-json\/wp\/v2\/pages\/24688\/revisions\/24705"}],"wp:attachment":[{"href":"https:\/\/portalaciara.com\/novosite\/wp-json\/wp\/v2\/media?parent=24688"}],"curies":[{"name":"wp","href":"https:\/\/api.w.org\/{rel}","templated":true}]}}