{"id":24536,"date":"2025-09-03T16:49:10","date_gmt":"2025-09-03T19:49:10","guid":{"rendered":"https:\/\/thomasroodson.dev\/portalaciara-backup\/?page_id=24536"},"modified":"2025-09-10T18:52:14","modified_gmt":"2025-09-10T21:52:14","slug":"locacao-de-auditorio","status":"publish","type":"page","link":"https:\/\/portalaciara.com\/novosite\/locacao-de-auditorio\/","title":{"rendered":"Loca\u00e7\u00e3o de Audit\u00f3rio"},"content":{"rendered":"\n<h2 class=\"wp-block-heading\">Audit\u00f3rio <strong>Jos\u00e9 Ribamar Ribeiro Parente<\/strong><\/h2>\n\n\n\n<p>Aragua\u00edna, Tocantins, Brasil<\/p>\n\n\n\n<figure class=\"wp-block-gallery has-nested-images columns-4 is-cropped wp-block-gallery-1 is-layout-flex wp-block-gallery-is-layout-flex\" style=\"border-radius:6px\">\n<figure class=\"wp-block-image size-full\"><img fetchpriority=\"high\" decoding=\"async\" width=\"500\" height=\"375\" data-id=\"24544\" src=\"https:\/\/portalaciara.com\/novosite\/wp-content\/uploads\/2025\/09\/05.webp\" alt=\"\" class=\"wp-image-24544\" srcset=\"https:\/\/portalaciara.com\/novosite\/wp-content\/uploads\/2025\/09\/05.webp 500w, https:\/\/portalaciara.com\/novosite\/wp-content\/uploads\/2025\/09\/05-300x225.webp 300w\" sizes=\"(max-width: 500px) 100vw, 500px\" \/><\/figure>\n\n\n\n<figure class=\"wp-block-image size-full\"><img decoding=\"async\" width=\"500\" height=\"375\" data-id=\"24549\" src=\"https:\/\/portalaciara.com\/novosite\/wp-content\/uploads\/2025\/09\/10.webp\" alt=\"\" class=\"wp-image-24549\" srcset=\"https:\/\/portalaciara.com\/novosite\/wp-content\/uploads\/2025\/09\/10.webp 500w, https:\/\/portalaciara.com\/novosite\/wp-content\/uploads\/2025\/09\/10-300x225.webp 300w\" sizes=\"(max-width: 500px) 100vw, 500px\" \/><\/figure>\n\n\n\n<figure class=\"wp-block-image size-full\"><img decoding=\"async\" width=\"500\" height=\"375\" data-id=\"24548\" src=\"https:\/\/portalaciara.com\/novosite\/wp-content\/uploads\/2025\/09\/09.webp\" alt=\"\" class=\"wp-image-24548\" srcset=\"https:\/\/portalaciara.com\/novosite\/wp-content\/uploads\/2025\/09\/09.webp 500w, https:\/\/portalaciara.com\/novosite\/wp-content\/uploads\/2025\/09\/09-300x225.webp 300w\" sizes=\"(max-width: 500px) 100vw, 500px\" \/><\/figure>\n\n\n\n<figure class=\"wp-block-image size-full\"><img loading=\"lazy\" decoding=\"async\" width=\"500\" height=\"375\" data-id=\"24547\" src=\"https:\/\/portalaciara.com\/novosite\/wp-content\/uploads\/2025\/09\/08.webp\" alt=\"\" class=\"wp-image-24547\" srcset=\"https:\/\/portalaciara.com\/novosite\/wp-content\/uploads\/2025\/09\/08.webp 500w, https:\/\/portalaciara.com\/novosite\/wp-content\/uploads\/2025\/09\/08-300x225.webp 300w\" sizes=\"(max-width: 500px) 100vw, 500px\" \/><\/figure>\n\n\n\n<figure class=\"wp-block-image size-full\"><img loading=\"lazy\" decoding=\"async\" width=\"500\" height=\"375\" data-id=\"24546\" src=\"https:\/\/portalaciara.com\/novosite\/wp-content\/uploads\/2025\/09\/07.webp\" alt=\"\" class=\"wp-image-24546\" srcset=\"https:\/\/portalaciara.com\/novosite\/wp-content\/uploads\/2025\/09\/07.webp 500w, https:\/\/portalaciara.com\/novosite\/wp-content\/uploads\/2025\/09\/07-300x225.webp 300w\" sizes=\"(max-width: 500px) 100vw, 500px\" \/><\/figure>\n\n\n\n<figure class=\"wp-block-image size-full\"><img loading=\"lazy\" decoding=\"async\" width=\"500\" height=\"375\" data-id=\"24540\" src=\"https:\/\/portalaciara.com\/novosite\/wp-content\/uploads\/2025\/09\/01.webp\" alt=\"\" class=\"wp-image-24540\" srcset=\"https:\/\/portalaciara.com\/novosite\/wp-content\/uploads\/2025\/09\/01.webp 500w, https:\/\/portalaciara.com\/novosite\/wp-content\/uploads\/2025\/09\/01-300x225.webp 300w\" sizes=\"(max-width: 500px) 100vw, 500px\" \/><\/figure>\n\n\n\n<figure class=\"wp-block-image size-full\"><img loading=\"lazy\" decoding=\"async\" width=\"500\" height=\"375\" data-id=\"24541\" src=\"https:\/\/portalaciara.com\/novosite\/wp-content\/uploads\/2025\/09\/02.webp\" alt=\"\" class=\"wp-image-24541\" srcset=\"https:\/\/portalaciara.com\/novosite\/wp-content\/uploads\/2025\/09\/02.webp 500w, https:\/\/portalaciara.com\/novosite\/wp-content\/uploads\/2025\/09\/02-300x225.webp 300w\" sizes=\"(max-width: 500px) 100vw, 500px\" \/><\/figure>\n\n\n\n<figure class=\"wp-block-image size-full\"><img loading=\"lazy\" decoding=\"async\" width=\"500\" height=\"375\" data-id=\"24542\" src=\"https:\/\/portalaciara.com\/novosite\/wp-content\/uploads\/2025\/09\/03.webp\" alt=\"\" class=\"wp-image-24542\" srcset=\"https:\/\/portalaciara.com\/novosite\/wp-content\/uploads\/2025\/09\/03.webp 500w, https:\/\/portalaciara.com\/novosite\/wp-content\/uploads\/2025\/09\/03-300x225.webp 300w\" sizes=\"(max-width: 500px) 100vw, 500px\" \/><\/figure>\n\n\n\n<figure class=\"wp-block-image size-full\"><img loading=\"lazy\" decoding=\"async\" width=\"500\" height=\"375\" data-id=\"24543\" src=\"https:\/\/portalaciara.com\/novosite\/wp-content\/uploads\/2025\/09\/04.webp\" alt=\"\" class=\"wp-image-24543\" srcset=\"https:\/\/portalaciara.com\/novosite\/wp-content\/uploads\/2025\/09\/04.webp 500w, https:\/\/portalaciara.com\/novosite\/wp-content\/uploads\/2025\/09\/04-300x225.webp 300w\" sizes=\"(max-width: 500px) 100vw, 500px\" \/><\/figure>\n\n\n\n<figure class=\"wp-block-image size-full\"><img loading=\"lazy\" decoding=\"async\" width=\"500\" height=\"375\" data-id=\"24545\" src=\"https:\/\/portalaciara.com\/novosite\/wp-content\/uploads\/2025\/09\/06.webp\" alt=\"\" class=\"wp-image-24545\" srcset=\"https:\/\/portalaciara.com\/novosite\/wp-content\/uploads\/2025\/09\/06.webp 500w, https:\/\/portalaciara.com\/novosite\/wp-content\/uploads\/2025\/09\/06-300x225.webp 300w\" sizes=\"(max-width: 500px) 100vw, 500px\" \/><\/figure>\n<\/figure>\n\n\n\n<h2 class=\"wp-block-heading\">Valorize o seu evento com a nossa infraestrutura<\/h2>\n\n\n\n<p>Deseja realizar um curso, palestra, treinamento ou evento afim? Conte com nosso audit\u00f3rio para isso. Oferecemos 50% de desconto para associados.<\/p>\n\n\n\n<div class=\"wp-block-jet-engine-container jet-container jet-container--content-direction-vertical jet-container--content-justify-flex-start jet-container--content-align-flex-start wp-block-jet-engine-container\" style=\"height:400px;min-height:400px\"><div class=\"jet-container__overlay   \" style=\"opacity:0.5\"><\/div><\/div>\n","protected":false},"excerpt":{"rendered":"<p>Audit\u00f3rio Jos\u00e9 Ribamar Ribeiro Parente Aragua\u00edna, Tocantins, Brasil Valorize o seu evento com a nossa infraestrutura Deseja realizar um curso, palestra, treinamento ou evento afim? Conte com nosso audit\u00f3rio para isso. Oferecemos 50% de desconto para associados.<\/p>\n","protected":false},"author":1,"featured_media":0,"parent":0,"menu_order":0,"comment_status":"closed","ping_status":"closed","template":"","meta":{"footnotes":""},"class_list":["post-24536","page","type-page","status-publish","hentry"],"_links":{"self":[{"href":"https:\/\/portalaciara.com\/novosite\/wp-json\/wp\/v2\/pages\/24536","targetHints":{"allow":["GET"]}}],"collection":[{"href":"https:\/\/portalaciara.com\/novosite\/wp-json\/wp\/v2\/pages"}],"about":[{"href":"https:\/\/portalaciara.com\/novosite\/wp-json\/wp\/v2\/types\/page"}],"author":[{"embeddable":true,"href":"https:\/\/portalaciara.com\/novosite\/wp-json\/wp\/v2\/users\/1"}],"replies":[{"embeddable":true,"href":"https:\/\/portalaciara.com\/novosite\/wp-json\/wp\/v2\/comments?post=24536"}],"version-history":[{"count":7,"href":"https:\/\/portalaciara.com\/novosite\/wp-json\/wp\/v2\/pages\/24536\/revisions"}],"predecessor-version":[{"id":24709,"href":"https:\/\/portalaciara.com\/novosite\/wp-json\/wp\/v2\/pages\/24536\/revisions\/24709"}],"wp:attachment":[{"href":"https:\/\/portalaciara.com\/novosite\/wp-json\/wp\/v2\/media?parent=24536"}],"curies":[{"name":"wp","href":"https:\/\/api.w.org\/{rel}","templated":true}]}}