{"id":23488,"date":"2025-07-12T23:57:11","date_gmt":"2025-07-13T02:57:11","guid":{"rendered":"https:\/\/thomasroodson.dev\/portalaciara-backup\/?page_id=23488"},"modified":"2025-08-06T15:26:13","modified_gmt":"2025-08-06T18:26:13","slug":"sugestoes-e-criticas","status":"publish","type":"page","link":"https:\/\/portalaciara.com\/novosite\/sugestoes-e-criticas\/","title":{"rendered":"Sugest\u00f5es e Cr\u00edticas"},"content":{"rendered":"\n<div class=\"wp-block-columns is-layout-flex wp-container-core-columns-is-layout-28f84493 wp-block-columns-is-layout-flex\">\n<div class=\"wp-block-column is-layout-flow wp-block-column-is-layout-flow\">\n<figure class=\"wp-block-image aligncenter size-full is-resized has-custom-border is-style-default\"><img fetchpriority=\"high\" decoding=\"async\" width=\"1620\" height=\"1080\" src=\"https:\/\/portalaciara.com\/novosite\/wp-content\/uploads\/2025\/08\/melhorias.webp\" alt=\"\" class=\"wp-image-23978\" style=\"border-radius:999px;aspect-ratio:1;object-fit:cover;width:226px\" srcset=\"https:\/\/portalaciara.com\/novosite\/wp-content\/uploads\/2025\/08\/melhorias.webp 1620w, https:\/\/portalaciara.com\/novosite\/wp-content\/uploads\/2025\/08\/melhorias-300x200.webp 300w, https:\/\/portalaciara.com\/novosite\/wp-content\/uploads\/2025\/08\/melhorias-1024x683.webp 1024w, https:\/\/portalaciara.com\/novosite\/wp-content\/uploads\/2025\/08\/melhorias-768x512.webp 768w, https:\/\/portalaciara.com\/novosite\/wp-content\/uploads\/2025\/08\/melhorias-1536x1024.webp 1536w\" sizes=\"(max-width: 1620px) 100vw, 1620px\" \/><\/figure>\n\n\n\n<h3 class=\"wp-block-heading\">Sua opini\u00e3o \u00e9 muito importante para n\u00f3s!<\/h3>\n\n\n\n<p>Estamos sempre em busca de melhorar nossos servi\u00e7os e a sua colabora\u00e7\u00e3o faz toda a diferen\u00e7a.<\/p>\n\n\n\n<p>Envie suas sugest\u00f5es, elogios ou cr\u00edticas. Teremos o maior prazer em ouvir voc\u00ea e evoluir juntos.<\/p>\n<\/div>\n\n\n\n<div class=\"wp-block-column is-layout-flow wp-block-column-is-layout-flow\">\t\t<div data-elementor-type=\"section\" data-elementor-id=\"23968\" class=\"elementor elementor-23968\" data-elementor-post-type=\"elementor_library\">\n\t\t\t<div class=\"elementor-element elementor-element-333edd47 e-flex e-con-boxed e-con e-parent\" data-id=\"333edd47\" data-element_type=\"container\" data-settings=\"{&quot;jet_parallax_layout_list&quot;:[],&quot;background_background&quot;:&quot;classic&quot;}\">\n\t\t\t\t\t<div class=\"e-con-inner\">\n\t\t\t\t<div class=\"elementor-element elementor-element-1fbb6655 elementor-widget elementor-widget-heading\" data-id=\"1fbb6655\" data-element_type=\"widget\" data-widget_type=\"heading.default\">\n\t\t\t\t<div class=\"elementor-widget-container\">\n\t\t\t\t\t<h2 class=\"elementor-heading-title elementor-size-default\">Preencha o formul\u00e1rio.<\/h2>\t\t\t\t<\/div>\n\t\t\t\t<\/div>\n\t\t\t\t<div class=\"elementor-element elementor-element-709c4211 curriculo-form elementor-widget elementor-widget-jet-form-builder-form\" data-id=\"709c4211\" data-element_type=\"widget\" data-widget_type=\"jet-form-builder-form.default\">\n\t\t\t\t<div class=\"elementor-widget-container\">\n\t\t\t\t\t<link rel='stylesheet' id='wp-block-library-css' href='https:\/\/portalaciara.com\/novosite\/wp-includes\/css\/dist\/block-library\/style.min.css?ver=43daea02283febb220a8b7d9a4968a8a' media='all' \/>\n<style id=\"jet-form-builder-23963-inline-css\"><\/style><form  class=\"jet-form-builder layout-column submit-type-reload\" action=\"https:\/\/portalaciara.com\/novosite\/wp-json\/wp\/v2\/pages\/23488\/?kjTIog=2XeDY6w27g&amp;method=reload\" method=\"POST\" data-form-id=\"23963\" data-layout=\"column\" enctype=\"multipart\/form-data\" novalidate=\"null\" ssr_validation_method=\"rest\"><input type=\"hidden\" id=\"_wpnonce\" name=\"_wpnonce\" value=\"b597c1cfb2\" \/><input type=\"hidden\" name=\"_wp_http_referer\" value=\"\/novosite\/wp-json\/wp\/v2\/pages\/23488\" \/>\r\n<input type=\"hidden\" name=\"_jfb_current_render_states[]\" value=\"DEFAULT.STATE\" data-jfb-sync \/><input type=\"hidden\" class=\"jet-form-builder__field hidden-field\" name=\"_jet_engine_booking_form_id\" data-field-name=\"_jet_engine_booking_form_id\" value=\"23963\">\n<input type=\"hidden\" class=\"jet-form-builder__field hidden-field\" name=\"_jet_engine_refer\" data-field-name=\"_jet_engine_refer\" value=\"https:\/\/portalaciara.com\/novosite\/wp-json\/wp\/v2\/pages\/23488\/\">\n<input type=\"hidden\" class=\"jet-form-builder__field hidden-field\" name=\"__queried_post_id\" data-field-name=\"__queried_post_id\" value=\"23488\">\n<div  class=\"jet-form-builder-row field-type-text-field\" >\n<div class=\"jet-form-builder__field-wrap\">\n\t\t\t\t<input placeholder=\"Nome Completo\" required=\"required\" name=\"nome_completo\" id=\"nome_completo\" type=\"text\" data-field-name=\"nome_completo\" class=\"jet-form-builder__field text-field\" data-jfb-sync=\"null\" autocomplete=\"off_L0xROja4\">\n\t\t\t\t\t<\/div>\n<\/div>\n\n<div  class=\"jet-form-builder-row field-type-text-field\" >\n<div class=\"jet-form-builder__field-wrap\">\n\t\t\t\t<input placeholder=\"Telefone\" required=\"required\" name=\"telefone\" id=\"telefone\" type=\"text\" data-field-name=\"telefone\" class=\"jet-form-builder__field text-field jet-form-builder__masked-field\" data-jfb-sync=\"null\" autocomplete=\"off_FcYCVgZQ\" data-inputmask=\"&#039;mask&#039;: &#039;(99) 99999-9999&#039;\" data-inputmask-placeholder=\"_\" data-inputmask-clearmaskonlostfocus=\"false\">\n\t\t\t\t\t<\/div>\n<\/div>\n\n<div  class=\"jet-form-builder-row field-type-text-field\" >\n<div class=\"jet-form-builder__field-wrap\">\n\t\t\t\t<input placeholder=\"E-mail\" required=\"required\" name=\"telefone_copy\" id=\"telefone_copy\" type=\"email\" data-field-name=\"telefone_copy\" class=\"jet-form-builder__field text-field\" data-jfb-sync=\"null\" autocomplete=\"off_OAI2d7GS\">\n\t\t\t\t\t<\/div>\n<\/div>\n\n<div  class=\"jet-form-builder-row field-type-select-field wp-block-jet-forms-select-field\">\n<div class=\"jet-form-builder__field-wrap\">\n\t<select class=\"jet-form-builder__field select-field\" required=\"required\" name=\"field_name\" data-field-name=\"field_name\" id=\"field_name\" data-jfb-sync=\"null\">\n\t\t<option value=\"\"  selected>Assunto<\/option><option value=\"Cr\u00edtica\" >Crit\u00edca<\/option><option value=\"Sugest\u00e3o\" >Sugest\u00e3o<\/option>\t<\/select>\n<\/div>\n<\/div>\n\n<div  class=\"jet-form-builder-row field-type-textarea-field\" >\n<div class=\"jet-form-builder__field-wrap\">\n\t\t<textarea class=\"jet-form-builder__field textarea-field\" placeholder=\"Mensagem\" required=\"required\" name=\"mensagem\" data-field-name=\"mensagem\" id=\"mensagem\" data-jfb-sync=\"null\"><\/textarea>\n\t<\/div>\n<\/div>\n\n<div  class=\"jet-form-builder-row field-type-submit-field\" >\n\t<div data-type=\"submit\" class=\"jet-form-builder__action-button-wrapper jet-form-builder__submit-wrap\">\n\t<button class=\"jet-form-builder__action-button jet-form-builder__submit submit-type-reload\" type=\"submit\">Enviar<\/button>\n\t<\/div>\n\t\n<\/div>\n\n\n<p><\/p>\n\t<div class=\"jet-form-builder-messages-wrap\" data-form-id=\"23963\"><\/div>\n<\/form>\n\t\t\t\t<\/div>\n\t\t\t\t<\/div>\n\t\t\t\t\t<\/div>\n\t\t\t\t<\/div>\n\t\t\t\t<\/div>\n\t\t\n<\/div>\n<\/div>\n\n\n\n<p><\/p>\n","protected":false},"excerpt":{"rendered":"<p>Sua opini\u00e3o \u00e9 muito importante para n\u00f3s! Estamos sempre em busca de melhorar nossos servi\u00e7os e a sua colabora\u00e7\u00e3o faz toda a diferen\u00e7a. Envie suas sugest\u00f5es, elogios ou cr\u00edticas. Teremos o maior prazer em ouvir voc\u00ea e evoluir juntos.<\/p>\n","protected":false},"author":1,"featured_media":0,"parent":0,"menu_order":0,"comment_status":"closed","ping_status":"closed","template":"","meta":{"footnotes":""},"class_list":["post-23488","page","type-page","status-publish","hentry"],"_links":{"self":[{"href":"https:\/\/portalaciara.com\/novosite\/wp-json\/wp\/v2\/pages\/23488","targetHints":{"allow":["GET"]}}],"collection":[{"href":"https:\/\/portalaciara.com\/novosite\/wp-json\/wp\/v2\/pages"}],"about":[{"href":"https:\/\/portalaciara.com\/novosite\/wp-json\/wp\/v2\/types\/page"}],"author":[{"embeddable":true,"href":"https:\/\/portalaciara.com\/novosite\/wp-json\/wp\/v2\/users\/1"}],"replies":[{"embeddable":true,"href":"https:\/\/portalaciara.com\/novosite\/wp-json\/wp\/v2\/comments?post=23488"}],"version-history":[{"count":6,"href":"https:\/\/portalaciara.com\/novosite\/wp-json\/wp\/v2\/pages\/23488\/revisions"}],"predecessor-version":[{"id":23980,"href":"https:\/\/portalaciara.com\/novosite\/wp-json\/wp\/v2\/pages\/23488\/revisions\/23980"}],"wp:attachment":[{"href":"https:\/\/portalaciara.com\/novosite\/wp-json\/wp\/v2\/media?parent=23488"}],"curies":[{"name":"wp","href":"https:\/\/api.w.org\/{rel}","templated":true}]}}