{"id":23486,"date":"2025-07-12T23:56:23","date_gmt":"2025-07-13T02:56:23","guid":{"rendered":"https:\/\/thomasroodson.dev\/portalaciara-backup\/?page_id=23486"},"modified":"2025-08-06T13:07:37","modified_gmt":"2025-08-06T16:07:37","slug":"atendimento","status":"publish","type":"page","link":"https:\/\/portalaciara.com\/novosite\/atendimento\/","title":{"rendered":"Atendimento"},"content":{"rendered":"\n<div class=\"wp-block-columns is-layout-flex wp-container-core-columns-is-layout-28f84493 wp-block-columns-is-layout-flex\">\n<div class=\"wp-block-column is-layout-flow wp-block-column-is-layout-flow\">\n<figure class=\"wp-block-image aligncenter size-full is-resized has-custom-border\"><img fetchpriority=\"high\" decoding=\"async\" width=\"1620\" height=\"1080\" src=\"https:\/\/portalaciara.com\/novosite\/wp-content\/uploads\/2025\/08\/antendimento.webp\" alt=\"\" class=\"wp-image-23947\" style=\"border-radius:999px;aspect-ratio:1;object-fit:cover;width:262px;height:auto\" srcset=\"https:\/\/portalaciara.com\/novosite\/wp-content\/uploads\/2025\/08\/antendimento.webp 1620w, https:\/\/portalaciara.com\/novosite\/wp-content\/uploads\/2025\/08\/antendimento-300x200.webp 300w, https:\/\/portalaciara.com\/novosite\/wp-content\/uploads\/2025\/08\/antendimento-1024x683.webp 1024w, https:\/\/portalaciara.com\/novosite\/wp-content\/uploads\/2025\/08\/antendimento-768x512.webp 768w, https:\/\/portalaciara.com\/novosite\/wp-content\/uploads\/2025\/08\/antendimento-1536x1024.webp 1536w\" sizes=\"(max-width: 1620px) 100vw, 1620px\" \/><\/figure>\n\n\n\n<h3 class=\"wp-block-heading\">Fale conosco!<\/h3>\n\n\n\n<p>Precisa de ajuda ou est\u00e1 com d\u00favidas?<br>Envie uma mensagem e responderemos o mais r\u00e1pido poss\u00edvel.<br>Ou, se preferir, entre em contato por telefone.<\/p>\n\n\n\n<div style=\"height:10px\" aria-hidden=\"true\" class=\"wp-block-spacer\"><\/div>\n\n\n\n<div class=\"wp-block-jet-engine-section jet-section wp-block-jet-engine-section jet-section--layout-fullwidth\"><div class=\"jet-section__content\">\n<span><strong>Recep\u00e7\u00e3o<\/strong><\/span>\n\n\n<div class=\"jet-listing-dynamic-field-block\"data-is-block=\"jet-engine\/dynamic-field\"><div class=\"jet-listing jet-listing-dynamic-field display-inline\"><div class=\"jet-listing-dynamic-field__inline-wrap\"><div class=\"jet-listing-dynamic-field__icon is-svg-icon\"><svg xmlns=\"http:\/\/www.w3.org\/2000\/svg\" viewBox=\"0 0 256 256\"><rect width=\"256\" height=\"256\" fill=\"none\"\/><path d=\"M144.27,45.93a8,8,0,0,1,9.8-5.66,86.22,86.22,0,0,1,61.66,61.66,8,8,0,0,1-5.66,9.8A8.23,8.23,0,0,1,208,112a8,8,0,0,1-7.73-5.93,70.35,70.35,0,0,0-50.33-50.34A8,8,0,0,1,144.27,45.93Zm-2.33,41.8c13.79,3.68,22.65,12.55,26.33,26.34A8,8,0,0,0,176,120a8.23,8.23,0,0,0,2.07-.27,8,8,0,0,0,5.66-9.8c-5.12-19.16-18.5-32.54-37.66-37.66a8,8,0,1,0-4.13,15.46Zm72.43,78.73-47.11-21.11-.13-.06a16,16,0,0,0-15.17,1.4,8.12,8.12,0,0,0-.75.56L126.87,168c-15.42-7.49-31.34-23.29-38.83-38.51l20.78-24.71c.2-.25.39-.5.57-.77a16,16,0,0,0,1.32-15.06l0-.12L89.54,41.64a16,16,0,0,0-16.62-9.52A56.26,56.26,0,0,0,24,88c0,79.4,64.6,144,144,144a56.26,56.26,0,0,0,55.88-48.92A16,16,0,0,0,214.37,166.46Z\"\/><\/svg><\/div><div class=\"jet-listing-dynamic-field__content\" >(63) 3411-3800<\/div><\/div><\/div><\/div><\/div><\/div>\n\n\n\n<div style=\"height:10px\" aria-hidden=\"true\" class=\"wp-block-spacer\"><\/div>\n\n\n\n<div class=\"wp-block-jet-engine-section jet-section wp-block-jet-engine-section jet-section--layout-fullwidth\"><div class=\"jet-section__content\">\n<span><strong>Financeiro<\/strong><\/span>\n\n\n<div class=\"jet-listing-dynamic-field-block\"data-is-block=\"jet-engine\/dynamic-field\"><div class=\"jet-listing jet-listing-dynamic-field display-inline\"><div class=\"jet-listing-dynamic-field__inline-wrap\"><div class=\"jet-listing-dynamic-field__icon is-svg-icon\"><svg xmlns=\"http:\/\/www.w3.org\/2000\/svg\" viewBox=\"0 0 256 256\"><rect width=\"256\" height=\"256\" fill=\"none\"\/><path d=\"M144.27,45.93a8,8,0,0,1,9.8-5.66,86.22,86.22,0,0,1,61.66,61.66,8,8,0,0,1-5.66,9.8A8.23,8.23,0,0,1,208,112a8,8,0,0,1-7.73-5.93,70.35,70.35,0,0,0-50.33-50.34A8,8,0,0,1,144.27,45.93Zm-2.33,41.8c13.79,3.68,22.65,12.55,26.33,26.34A8,8,0,0,0,176,120a8.23,8.23,0,0,0,2.07-.27,8,8,0,0,0,5.66-9.8c-5.12-19.16-18.5-32.54-37.66-37.66a8,8,0,1,0-4.13,15.46Zm72.43,78.73-47.11-21.11-.13-.06a16,16,0,0,0-15.17,1.4,8.12,8.12,0,0,0-.75.56L126.87,168c-15.42-7.49-31.34-23.29-38.83-38.51l20.78-24.71c.2-.25.39-.5.57-.77a16,16,0,0,0,1.32-15.06l0-.12L89.54,41.64a16,16,0,0,0-16.62-9.52A56.26,56.26,0,0,0,24,88c0,79.4,64.6,144,144,144a56.26,56.26,0,0,0,55.88-48.92A16,16,0,0,0,214.37,166.46Z\"\/><\/svg><\/div><div class=\"jet-listing-dynamic-field__content\" >(63) 99296-5729<\/div><\/div><\/div><\/div><\/div><\/div>\n\n\n\n<div style=\"height:10px\" aria-hidden=\"true\" class=\"wp-block-spacer\"><\/div>\n\n\n\n<div class=\"wp-block-jet-engine-section jet-section wp-block-jet-engine-section jet-section--layout-fullwidth\"><div class=\"jet-section__content\">\n<span><strong>Comercial<\/strong><\/span>\n\n\n<div class=\"jet-listing-dynamic-field-block\"data-is-block=\"jet-engine\/dynamic-field\"><div class=\"jet-listing jet-listing-dynamic-field display-inline\"><div class=\"jet-listing-dynamic-field__inline-wrap\"><div class=\"jet-listing-dynamic-field__icon is-svg-icon\"><svg xmlns=\"http:\/\/www.w3.org\/2000\/svg\" viewBox=\"0 0 256 256\"><rect width=\"256\" height=\"256\" fill=\"none\"\/><path d=\"M144.27,45.93a8,8,0,0,1,9.8-5.66,86.22,86.22,0,0,1,61.66,61.66,8,8,0,0,1-5.66,9.8A8.23,8.23,0,0,1,208,112a8,8,0,0,1-7.73-5.93,70.35,70.35,0,0,0-50.33-50.34A8,8,0,0,1,144.27,45.93Zm-2.33,41.8c13.79,3.68,22.65,12.55,26.33,26.34A8,8,0,0,0,176,120a8.23,8.23,0,0,0,2.07-.27,8,8,0,0,0,5.66-9.8c-5.12-19.16-18.5-32.54-37.66-37.66a8,8,0,1,0-4.13,15.46Zm72.43,78.73-47.11-21.11-.13-.06a16,16,0,0,0-15.17,1.4,8.12,8.12,0,0,0-.75.56L126.87,168c-15.42-7.49-31.34-23.29-38.83-38.51l20.78-24.71c.2-.25.39-.5.57-.77a16,16,0,0,0,1.32-15.06l0-.12L89.54,41.64a16,16,0,0,0-16.62-9.52A56.26,56.26,0,0,0,24,88c0,79.4,64.6,144,144,144a56.26,56.26,0,0,0,55.88-48.92A16,16,0,0,0,214.37,166.46Z\"\/><\/svg><\/div><div class=\"jet-listing-dynamic-field__content\" >(63) 99238-6260<\/div><\/div><\/div><\/div>\n\n<div class=\"jet-listing-dynamic-field-block\"data-is-block=\"jet-engine\/dynamic-field\"><div class=\"jet-listing jet-listing-dynamic-field display-inline\"><div class=\"jet-listing-dynamic-field__inline-wrap\"><div class=\"jet-listing-dynamic-field__icon is-svg-icon\"><svg xmlns=\"http:\/\/www.w3.org\/2000\/svg\" viewBox=\"0 0 256 256\"><rect width=\"256\" height=\"256\" fill=\"none\"\/><path d=\"M144.27,45.93a8,8,0,0,1,9.8-5.66,86.22,86.22,0,0,1,61.66,61.66,8,8,0,0,1-5.66,9.8A8.23,8.23,0,0,1,208,112a8,8,0,0,1-7.73-5.93,70.35,70.35,0,0,0-50.33-50.34A8,8,0,0,1,144.27,45.93Zm-2.33,41.8c13.79,3.68,22.65,12.55,26.33,26.34A8,8,0,0,0,176,120a8.23,8.23,0,0,0,2.07-.27,8,8,0,0,0,5.66-9.8c-5.12-19.16-18.5-32.54-37.66-37.66a8,8,0,1,0-4.13,15.46Zm72.43,78.73-47.11-21.11-.13-.06a16,16,0,0,0-15.17,1.4,8.12,8.12,0,0,0-.75.56L126.87,168c-15.42-7.49-31.34-23.29-38.83-38.51l20.78-24.71c.2-.25.39-.5.57-.77a16,16,0,0,0,1.32-15.06l0-.12L89.54,41.64a16,16,0,0,0-16.62-9.52A56.26,56.26,0,0,0,24,88c0,79.4,64.6,144,144,144a56.26,56.26,0,0,0,55.88-48.92A16,16,0,0,0,214.37,166.46Z\"\/><\/svg><\/div><div class=\"jet-listing-dynamic-field__content\" >(63) 99237-9279<\/div><\/div><\/div><\/div><\/div><\/div>\n<\/div>\n\n\n\n<div class=\"wp-block-column is-vertically-aligned-center is-layout-flow wp-block-column-is-layout-flow\">\t\t<div data-elementor-type=\"section\" data-elementor-id=\"23939\" class=\"elementor elementor-23939\" data-elementor-post-type=\"elementor_library\">\n\t\t\t<div class=\"elementor-element elementor-element-624c42cf e-flex e-con-boxed e-con e-parent\" data-id=\"624c42cf\" data-element_type=\"container\" data-settings=\"{&quot;jet_parallax_layout_list&quot;:[],&quot;background_background&quot;:&quot;classic&quot;}\">\n\t\t\t\t\t<div class=\"e-con-inner\">\n\t\t\t\t<div class=\"elementor-element elementor-element-40c5019 elementor-widget elementor-widget-heading\" data-id=\"40c5019\" data-element_type=\"widget\" data-widget_type=\"heading.default\">\n\t\t\t\t<div class=\"elementor-widget-container\">\n\t\t\t\t\t<h2 class=\"elementor-heading-title elementor-size-default\">Preencha o formul\u00e1rio.<\/h2>\t\t\t\t<\/div>\n\t\t\t\t<\/div>\n\t\t\t\t<div class=\"elementor-element elementor-element-5f9ba3d4 curriculo-form elementor-widget elementor-widget-jet-form-builder-form\" data-id=\"5f9ba3d4\" data-element_type=\"widget\" data-widget_type=\"jet-form-builder-form.default\">\n\t\t\t\t<div class=\"elementor-widget-container\">\n\t\t\t\t\t<link rel='stylesheet' id='wp-block-library-css' href='https:\/\/portalaciara.com\/novosite\/wp-includes\/css\/dist\/block-library\/style.min.css?ver=43daea02283febb220a8b7d9a4968a8a' media='all' \/>\n<style id=\"jet-form-builder-23937-inline-css\"><\/style><form  class=\"jet-form-builder layout-column submit-type-reload\" action=\"https:\/\/portalaciara.com\/novosite\/wp-json\/wp\/v2\/pages\/23486\/?kjTIog=2XeDY6w27g&amp;method=reload\" method=\"POST\" data-form-id=\"23937\" data-layout=\"column\" enctype=\"multipart\/form-data\" novalidate=\"null\" ssr_validation_method=\"rest\"><input type=\"hidden\" id=\"_wpnonce\" name=\"_wpnonce\" value=\"7331262ed4\" \/><input type=\"hidden\" name=\"_wp_http_referer\" value=\"\/novosite\/wp-json\/wp\/v2\/pages\/23486\" \/>\r\n<input type=\"hidden\" name=\"_jfb_current_render_states[]\" value=\"DEFAULT.STATE\" data-jfb-sync \/><input type=\"hidden\" class=\"jet-form-builder__field hidden-field\" name=\"_jet_engine_booking_form_id\" data-field-name=\"_jet_engine_booking_form_id\" value=\"23937\">\n<input type=\"hidden\" class=\"jet-form-builder__field hidden-field\" name=\"_jet_engine_refer\" data-field-name=\"_jet_engine_refer\" value=\"https:\/\/portalaciara.com\/novosite\/wp-json\/wp\/v2\/pages\/23486\/\">\n<input type=\"hidden\" class=\"jet-form-builder__field hidden-field\" name=\"__queried_post_id\" data-field-name=\"__queried_post_id\" value=\"23486\">\n<div  class=\"jet-form-builder-row field-type-text-field\" >\n<div class=\"jet-form-builder__field-wrap\">\n\t\t\t\t<input placeholder=\"Nome Completo\" required=\"required\" name=\"nome_completo\" id=\"nome_completo\" type=\"text\" data-field-name=\"nome_completo\" class=\"jet-form-builder__field text-field\" data-jfb-sync=\"null\" autocomplete=\"off_8grGYMf5\">\n\t\t\t\t\t<\/div>\n<\/div>\n\n<div  class=\"jet-form-builder-row field-type-text-field\" >\n<div class=\"jet-form-builder__field-wrap\">\n\t\t\t\t<input placeholder=\"Telefone\" required=\"required\" name=\"telefone\" id=\"telefone\" type=\"text\" data-field-name=\"telefone\" class=\"jet-form-builder__field text-field jet-form-builder__masked-field\" data-jfb-sync=\"null\" autocomplete=\"off_DgfoEHWh\" data-inputmask=\"&#039;mask&#039;: &#039;(99) 99999-9999&#039;\" data-inputmask-placeholder=\"_\" data-inputmask-clearmaskonlostfocus=\"false\">\n\t\t\t\t\t<\/div>\n<\/div>\n\n<div  class=\"jet-form-builder-row field-type-text-field\" >\n<div class=\"jet-form-builder__field-wrap\">\n\t\t\t\t<input placeholder=\"E-mail\" required=\"required\" name=\"email\" id=\"email\" type=\"email\" data-field-name=\"email\" class=\"jet-form-builder__field text-field\" data-jfb-sync=\"null\" autocomplete=\"off_Iyl5uZUv\">\n\t\t\t\t\t<\/div>\n<\/div>\n\n<div  class=\"jet-form-builder-row field-type-text-field\" >\n<div class=\"jet-form-builder__field-wrap\">\n\t\t\t\t<input placeholder=\"Assunto\" required=\"required\" name=\"email_copy\" id=\"email_copy\" type=\"email\" data-field-name=\"email_copy\" class=\"jet-form-builder__field text-field\" data-jfb-sync=\"null\" autocomplete=\"off_7I5YbNB3\">\n\t\t\t\t\t<\/div>\n<\/div>\n\n<div  class=\"jet-form-builder-row field-type-textarea-field\" >\n<div class=\"jet-form-builder__field-wrap\">\n\t\t<textarea class=\"jet-form-builder__field textarea-field\" placeholder=\"Mensagem\" required=\"required\" name=\"email_copy_copy\" data-field-name=\"email_copy_copy\" id=\"email_copy_copy\" data-jfb-sync=\"null\"><\/textarea>\n\t<\/div>\n<\/div>\n\n<div  class=\"jet-form-builder-row field-type-submit-field\" >\n\t<div data-type=\"submit\" class=\"jet-form-builder__action-button-wrapper jet-form-builder__submit-wrap\">\n\t<button class=\"jet-form-builder__action-button jet-form-builder__submit submit-type-reload\" type=\"submit\">Enviar<\/button>\n\t<\/div>\n\t\n<\/div>\n\n\n<p><\/p>\n\t<div class=\"jet-form-builder-messages-wrap\" data-form-id=\"23937\"><\/div>\n<\/form>\n\t\t\t\t<\/div>\n\t\t\t\t<\/div>\n\t\t\t\t\t<\/div>\n\t\t\t\t<\/div>\n\t\t\t\t<\/div>\n\t\t\n<\/div>\n<\/div>\n\n\n\n<p><\/p>\n","protected":false},"excerpt":{"rendered":"<p>Fale conosco! Precisa de ajuda ou est\u00e1 com d\u00favidas?Envie uma mensagem e responderemos o mais r\u00e1pido poss\u00edvel.Ou, se preferir, entre em contato por telefone. Recep\u00e7\u00e3o Financeiro Comercial<\/p>\n","protected":false},"author":1,"featured_media":0,"parent":0,"menu_order":0,"comment_status":"closed","ping_status":"closed","template":"","meta":{"footnotes":""},"class_list":["post-23486","page","type-page","status-publish","hentry"],"_links":{"self":[{"href":"https:\/\/portalaciara.com\/novosite\/wp-json\/wp\/v2\/pages\/23486","targetHints":{"allow":["GET"]}}],"collection":[{"href":"https:\/\/portalaciara.com\/novosite\/wp-json\/wp\/v2\/pages"}],"about":[{"href":"https:\/\/portalaciara.com\/novosite\/wp-json\/wp\/v2\/types\/page"}],"author":[{"embeddable":true,"href":"https:\/\/portalaciara.com\/novosite\/wp-json\/wp\/v2\/users\/1"}],"replies":[{"embeddable":true,"href":"https:\/\/portalaciara.com\/novosite\/wp-json\/wp\/v2\/comments?post=23486"}],"version-history":[{"count":16,"href":"https:\/\/portalaciara.com\/novosite\/wp-json\/wp\/v2\/pages\/23486\/revisions"}],"predecessor-version":[{"id":23962,"href":"https:\/\/portalaciara.com\/novosite\/wp-json\/wp\/v2\/pages\/23486\/revisions\/23962"}],"wp:attachment":[{"href":"https:\/\/portalaciara.com\/novosite\/wp-json\/wp\/v2\/media?parent=23486"}],"curies":[{"name":"wp","href":"https:\/\/api.w.org\/{rel}","templated":true}]}}