{"id":23484,"date":"2025-07-12T23:55:18","date_gmt":"2025-07-13T02:55:18","guid":{"rendered":"https:\/\/thomasroodson.dev\/portalaciara-backup\/?page_id=23484"},"modified":"2025-09-09T18:01:13","modified_gmt":"2025-09-09T21:01:13","slug":"seja-um-associado","status":"publish","type":"page","link":"https:\/\/portalaciara.com\/novosite\/seja-um-associado\/","title":{"rendered":"Seja um Associado"},"content":{"rendered":"\n<div class=\"wp-block-columns are-vertically-aligned-center is-layout-flex wp-container-core-columns-is-layout-28f84493 wp-block-columns-is-layout-flex\">\n<div class=\"wp-block-column is-vertically-aligned-center is-layout-flow wp-block-column-is-layout-flow\" style=\"flex-basis:60%\">\n<figure class=\"wp-block-image aligncenter size-large is-resized has-custom-border\"><img fetchpriority=\"high\" decoding=\"async\" width=\"1024\" height=\"682\" src=\"https:\/\/portalaciara.com\/novosite\/wp-content\/uploads\/2025\/08\/equipe-1-1024x682.webp\" alt=\"\" class=\"wp-image-24101\" style=\"border-radius:999px;aspect-ratio:1;object-fit:cover;width:246px\" srcset=\"https:\/\/portalaciara.com\/novosite\/wp-content\/uploads\/2025\/08\/equipe-1-1024x682.webp 1024w, https:\/\/portalaciara.com\/novosite\/wp-content\/uploads\/2025\/08\/equipe-1-300x200.webp 300w, https:\/\/portalaciara.com\/novosite\/wp-content\/uploads\/2025\/08\/equipe-1-768x512.webp 768w, https:\/\/portalaciara.com\/novosite\/wp-content\/uploads\/2025\/08\/equipe-1.webp 1280w\" sizes=\"(max-width: 1024px) 100vw, 1024px\" \/><\/figure>\n\n\n\n<p>Preencha o formul\u00e1rio e aguarde entrarmos em contato.<\/p>\n\n\n\n<div class=\"wp-block-group is-layout-constrained wp-block-group-is-layout-constrained\"><div class=\"jet-listing-dynamic-field-block\"data-is-block=\"jet-engine\/dynamic-field\"><div class=\"jet-listing jet-listing-dynamic-field display-inline\"><div class=\"jet-listing-dynamic-field__inline-wrap\"><div class=\"jet-listing-dynamic-field__icon is-svg-icon\"><svg xmlns=\"http:\/\/www.w3.org\/2000\/svg\" viewBox=\"0 0 256 256\"><rect width=\"256\" height=\"256\" fill=\"none\"\/><path d=\"M144.27,45.93a8,8,0,0,1,9.8-5.66,86.22,86.22,0,0,1,61.66,61.66,8,8,0,0,1-5.66,9.8A8.23,8.23,0,0,1,208,112a8,8,0,0,1-7.73-5.93,70.35,70.35,0,0,0-50.33-50.34A8,8,0,0,1,144.27,45.93Zm-2.33,41.8c13.79,3.68,22.65,12.55,26.33,26.34A8,8,0,0,0,176,120a8.23,8.23,0,0,0,2.07-.27,8,8,0,0,0,5.66-9.8c-5.12-19.16-18.5-32.54-37.66-37.66a8,8,0,1,0-4.13,15.46Zm72.43,78.73-47.11-21.11-.13-.06a16,16,0,0,0-15.17,1.4,8.12,8.12,0,0,0-.75.56L126.87,168c-15.42-7.49-31.34-23.29-38.83-38.51l20.78-24.71c.2-.25.39-.5.57-.77a16,16,0,0,0,1.32-15.06l0-.12L89.54,41.64a16,16,0,0,0-16.62-9.52A56.26,56.26,0,0,0,24,88c0,79.4,64.6,144,144,144a56.26,56.26,0,0,0,55.88-48.92A16,16,0,0,0,214.37,166.46Z\"\/><\/svg><\/div><div class=\"jet-listing-dynamic-field__content\" >(63) 3411-3800<\/div><\/div><\/div><\/div><\/div>\n\n\n\n<p>Aumente suas for\u00e7as como empres\u00e1rio e fa\u00e7a parte do associativismo ACIARA, vamos nos unir em prol do desenvolvimento socioecon\u00f4mico e a cria\u00e7\u00e3o de um ambiente adequado para os neg\u00f3cios, por meio de a\u00e7\u00f5es planejamento em conjunto que contribuam para o aquecimento das vendas e crescimento do mercado de Aragua\u00edna \u2013 TO.<\/p>\n\n\n\n<div class=\"wp-block-jet-engine-container jet-container--content-justify-flex-center jet-container jet-container--content-direction-vertical jet-container--content-justify-flex-start jet-container--content-align-center wp-block-jet-engine-container jet-container--content-justify-flex-center\" style=\"width:100%\"><div class=\"jet-container__overlay   \" style=\"opacity:0.5\"><\/div>\t\t<div data-elementor-type=\"section\" data-elementor-id=\"24069\" class=\"elementor elementor-24069\" data-elementor-post-type=\"elementor_library\">\n\t\t\t<div class=\"elementor-element elementor-element-bd9eb42 e-flex e-con-boxed e-con e-parent\" data-id=\"bd9eb42\" data-element_type=\"container\" data-settings=\"{&quot;jet_parallax_layout_list&quot;:[]}\">\n\t\t\t\t\t<div class=\"e-con-inner\">\n\t\t\t\t<div class=\"elementor-element elementor-element-4e8bfb3 elementor-pagination-position-outside elementor-widget elementor-widget-image-carousel\" data-id=\"4e8bfb3\" data-element_type=\"widget\" data-settings=\"{&quot;slides_to_show&quot;:&quot;4&quot;,&quot;navigation&quot;:&quot;dots&quot;,&quot;image_spacing_custom&quot;:{&quot;unit&quot;:&quot;px&quot;,&quot;size&quot;:8,&quot;sizes&quot;:[]},&quot;autoplay&quot;:&quot;yes&quot;,&quot;pause_on_hover&quot;:&quot;yes&quot;,&quot;pause_on_interaction&quot;:&quot;yes&quot;,&quot;autoplay_speed&quot;:5000,&quot;infinite&quot;:&quot;yes&quot;,&quot;speed&quot;:500,&quot;image_spacing_custom_widescreen&quot;:{&quot;unit&quot;:&quot;px&quot;,&quot;size&quot;:&quot;&quot;,&quot;sizes&quot;:[]},&quot;image_spacing_custom_laptop&quot;:{&quot;unit&quot;:&quot;px&quot;,&quot;size&quot;:&quot;&quot;,&quot;sizes&quot;:[]},&quot;image_spacing_custom_tablet&quot;:{&quot;unit&quot;:&quot;px&quot;,&quot;size&quot;:&quot;&quot;,&quot;sizes&quot;:[]},&quot;image_spacing_custom_mobile_extra&quot;:{&quot;unit&quot;:&quot;px&quot;,&quot;size&quot;:&quot;&quot;,&quot;sizes&quot;:[]},&quot;image_spacing_custom_mobile&quot;:{&quot;unit&quot;:&quot;px&quot;,&quot;size&quot;:&quot;&quot;,&quot;sizes&quot;:[]}}\" data-widget_type=\"image-carousel.default\">\n\t\t\t\t<div class=\"elementor-widget-container\">\n\t\t\t\t\t\t\t<div class=\"elementor-image-carousel-wrapper swiper\" role=\"region\" aria-roledescription=\"carousel\" aria-label=\"Carrossel de imagens\" dir=\"ltr\">\n\t\t\t<div class=\"elementor-image-carousel swiper-wrapper\" aria-live=\"off\">\n\t\t\t\t\t\t\t\t<div class=\"swiper-slide\" role=\"group\" aria-roledescription=\"slide\" aria-label=\"1 de 7\"><figure class=\"swiper-slide-inner\"><img decoding=\"async\" class=\"swiper-slide-image\" src=\"https:\/\/portalaciara.com\/novosite\/wp-content\/uploads\/2025\/08\/visaoideal.webp\" alt=\"Vis\u00e3oIdeal\" \/><\/figure><\/div><div class=\"swiper-slide\" role=\"group\" aria-roledescription=\"slide\" aria-label=\"2 de 7\"><figure class=\"swiper-slide-inner\"><img decoding=\"async\" class=\"swiper-slide-image\" src=\"https:\/\/portalaciara.com\/novosite\/wp-content\/uploads\/2025\/08\/unitpac.webp\" alt=\"UnitPac\" \/><\/figure><\/div><div class=\"swiper-slide\" role=\"group\" aria-roledescription=\"slide\" aria-label=\"3 de 7\"><figure class=\"swiper-slide-inner\"><img decoding=\"async\" class=\"swiper-slide-image\" src=\"https:\/\/portalaciara.com\/novosite\/wp-content\/uploads\/2025\/08\/otica-veja.webp\" alt=\"\u00d3tica Veja\" \/><\/figure><\/div><div class=\"swiper-slide\" role=\"group\" aria-roledescription=\"slide\" aria-label=\"4 de 7\"><figure class=\"swiper-slide-inner\"><img decoding=\"async\" class=\"swiper-slide-image\" src=\"https:\/\/portalaciara.com\/novosite\/wp-content\/uploads\/2025\/08\/odontomedic.webp\" alt=\"OdontoMedic\" \/><\/figure><\/div><div class=\"swiper-slide\" role=\"group\" aria-roledescription=\"slide\" aria-label=\"5 de 7\"><figure class=\"swiper-slide-inner\"><img decoding=\"async\" class=\"swiper-slide-image\" src=\"https:\/\/portalaciara.com\/novosite\/wp-content\/uploads\/2025\/08\/medclinic.webp\" alt=\"\" \/><\/figure><\/div><div class=\"swiper-slide\" role=\"group\" aria-roledescription=\"slide\" aria-label=\"6 de 7\"><figure class=\"swiper-slide-inner\"><img decoding=\"async\" class=\"swiper-slide-image\" src=\"https:\/\/portalaciara.com\/novosite\/wp-content\/uploads\/2025\/08\/drogracentro.webp\" alt=\"\" \/><\/figure><\/div><div class=\"swiper-slide\" role=\"group\" aria-roledescription=\"slide\" aria-label=\"7 de 7\"><figure class=\"swiper-slide-inner\"><img decoding=\"async\" class=\"swiper-slide-image\" src=\"https:\/\/portalaciara.com\/novosite\/wp-content\/uploads\/2025\/08\/bonamigo.webp\" alt=\"Bonamigo\" \/><\/figure><\/div>\t\t\t<\/div>\n\t\t\t\t\t\t\t\n\t\t\t\t\t\t\t\t\t<div class=\"swiper-pagination\"><\/div>\n\t\t\t\t\t\t\t\t\t<\/div>\n\t\t\t\t\t\t<\/div>\n\t\t\t\t<\/div>\n\t\t\t\t\t<\/div>\n\t\t\t\t<\/div>\n\t\t\t\t<\/div>\n\t\t\n<\/div>\n\n\n\n<p>Al\u00e9m de fazer parte de uma grande rede de network e associativismo, o associado ACIARA tamb\u00e9m tem benef\u00edcios como descontos em consultas m\u00e9dicas, compra de \u00f3culos de grau ou de sol, exames m\u00e9dicos e muitas outras!<\/p>\n\n\n\n<div class=\"wp-block-buttons is-layout-flex wp-block-buttons-is-layout-flex\">\n<div class=\"wp-block-button\"><a class=\"wp-block-button__link has-white-color has-text-color has-background has-link-color wp-element-button\" href=\"https:\/\/portalaciara.com\/novosite\/clube-de-beneficios\/\" style=\"background-color:#ff8b0d\">Confira os benef\u00edcios<\/a><\/div>\n<\/div>\n<\/div>\n\n\n\n<div class=\"wp-block-column is-vertically-aligned-center is-layout-flow wp-block-column-is-layout-flow\">\t\t<div data-elementor-type=\"section\" data-elementor-id=\"24064\" class=\"elementor elementor-24064\" data-elementor-post-type=\"elementor_library\">\n\t\t\t<div class=\"elementor-element elementor-element-3bd828f e-flex e-con-boxed e-con e-parent\" data-id=\"3bd828f\" data-element_type=\"container\" data-settings=\"{&quot;jet_parallax_layout_list&quot;:[],&quot;background_background&quot;:&quot;classic&quot;}\">\n\t\t\t\t\t<div class=\"e-con-inner\">\n\t\t\t\t<div class=\"elementor-element elementor-element-56bdd799 elementor-widget elementor-widget-heading\" data-id=\"56bdd799\" data-element_type=\"widget\" data-widget_type=\"heading.default\">\n\t\t\t\t<div class=\"elementor-widget-container\">\n\t\t\t\t\t<h2 class=\"elementor-heading-title elementor-size-default\">Preencha o formul\u00e1rio.<\/h2>\t\t\t\t<\/div>\n\t\t\t\t<\/div>\n\t\t\t\t<div class=\"elementor-element elementor-element-bfc1181 curriculo-form elementor-widget elementor-widget-jet-form-builder-form\" data-id=\"bfc1181\" data-element_type=\"widget\" data-widget_type=\"jet-form-builder-form.default\">\n\t\t\t\t<div class=\"elementor-widget-container\">\n\t\t\t\t\t<link rel='stylesheet' id='wp-block-library-css' href='https:\/\/portalaciara.com\/novosite\/wp-includes\/css\/dist\/block-library\/style.min.css?ver=43daea02283febb220a8b7d9a4968a8a' media='all' \/>\n<style id=\"jet-form-builder-23801-inline-css\"><\/style><form  class=\"jet-form-builder layout-column submit-type-reload\" action=\"https:\/\/portalaciara.com\/novosite\/wp-json\/wp\/v2\/pages\/23484\/?kjTIog=2XeDY6w27g&amp;method=reload\" method=\"POST\" data-form-id=\"23801\" data-layout=\"column\" enctype=\"multipart\/form-data\" novalidate=\"null\" ssr_validation_method=\"rest\"><input type=\"hidden\" id=\"_wpnonce\" name=\"_wpnonce\" value=\"0f86626d4a\" \/><input type=\"hidden\" name=\"_wp_http_referer\" value=\"\/novosite\/wp-json\/wp\/v2\/pages\/23484\" \/>\r\n<input type=\"hidden\" name=\"_jfb_current_render_states[]\" value=\"DEFAULT.STATE\" data-jfb-sync \/><input type=\"hidden\" class=\"jet-form-builder__field hidden-field\" name=\"_jet_engine_booking_form_id\" data-field-name=\"_jet_engine_booking_form_id\" value=\"23801\">\n<input type=\"hidden\" class=\"jet-form-builder__field hidden-field\" name=\"_jet_engine_refer\" data-field-name=\"_jet_engine_refer\" value=\"https:\/\/portalaciara.com\/novosite\/wp-json\/wp\/v2\/pages\/23484\/\">\n<input type=\"hidden\" class=\"jet-form-builder__field hidden-field\" name=\"__queried_post_id\" data-field-name=\"__queried_post_id\" value=\"23484\">\n<div  class=\"jet-form-builder-row field-type-text-field\" >\n<div class=\"jet-form-builder__label\">\r\n<div class=\"jet-form-builder__label-text\">Nome <span class=\"jet-form-builder__required\">*<\/span><\/div><\/div><div class=\"jet-form-builder__field-wrap\">\n\t\t\t\t<input required=\"required\" name=\"nome\" id=\"nome\" type=\"text\" data-field-name=\"nome\" class=\"jet-form-builder__field text-field\" data-jfb-sync=\"null\" autocomplete=\"off_0XGRJbdQ\">\n\t\t\t\t\t<\/div>\n<\/div>\n\n<div  class=\"jet-form-builder-row field-type-text-field\" >\n<div class=\"jet-form-builder__label\">\r\n<div class=\"jet-form-builder__label-text\">Telefone <span class=\"jet-form-builder__required\">*<\/span><\/div><\/div><div class=\"jet-form-builder__field-wrap\">\n\t\t\t\t<input required=\"required\" name=\"telefone_copy\" id=\"telefone_copy\" type=\"text\" data-field-name=\"telefone_copy\" class=\"jet-form-builder__field text-field jet-form-builder__masked-field\" minlength=\"11\" data-jfb-sync=\"null\" autocomplete=\"off_Na5eWiA8\" data-inputmask=\"&#039;mask&#039;: &#039;(99) 9 9999-9999&#039;\" data-inputmask-placeholder=\"_\" data-inputmask-clearmaskonlostfocus=\"false\">\n\t\t\t\t\t<\/div>\n<\/div>\n\n<div  class=\"jet-form-builder-row field-type-text-field\" >\n<div class=\"jet-form-builder__label\">\r\n<div class=\"jet-form-builder__label-text\">Email <span class=\"jet-form-builder__required\">*<\/span><\/div><\/div><div class=\"jet-form-builder__field-wrap\">\n\t\t\t\t<input required=\"required\" name=\"email\" id=\"email\" type=\"email\" data-field-name=\"email\" class=\"jet-form-builder__field text-field\" data-jfb-sync=\"null\" autocomplete=\"off_Xrdj1Zcm\">\n\t\t\t\t\t<\/div>\n<\/div>\n\n<div  class=\"jet-form-builder-row field-type-text-field\" >\n<div class=\"jet-form-builder__label\">\r\n<div class=\"jet-form-builder__label-text\">Nome da Empresa <span class=\"jet-form-builder__required\">*<\/span><\/div><\/div><div class=\"jet-form-builder__field-wrap\">\n\t\t\t\t<input required=\"required\" name=\"nome_empresa\" id=\"nome_empresa\" type=\"text\" data-field-name=\"nome_empresa\" class=\"jet-form-builder__field text-field\" data-jfb-sync=\"null\" autocomplete=\"off_GjZyPxYo\">\n\t\t\t\t\t<\/div>\n<\/div>\n\n<div  class=\"jet-form-builder-row field-type-text-field\" >\n<div class=\"jet-form-builder__label\">\r\n<div class=\"jet-form-builder__label-text\">Raz\u00e3o Social <span class=\"jet-form-builder__required\">*<\/span><\/div><\/div><div class=\"jet-form-builder__field-wrap\">\n\t\t\t\t<input required=\"required\" name=\"cnpj\" id=\"cnpj\" type=\"text\" data-field-name=\"cnpj\" class=\"jet-form-builder__field text-field jet-form-builder__masked-field\" minlength=\"14\" data-jfb-sync=\"null\" autocomplete=\"off_xwrQTGtI\" data-inputmask=\"&#039;mask&#039;: &#039;99.999.999\/9999-99&#039;\" data-inputmask-placeholder=\"_\" data-inputmask-clearmaskonlostfocus=\"false\">\n\t\t\t\t\t<\/div>\n<\/div>\n\n\n\n\n\n<div  class=\"jet-form-builder-row field-type-submit-field\" >\n\t<div data-type=\"submit\" class=\"jet-form-builder__action-button-wrapper jet-form-builder__submit-wrap\">\n\t<button class=\"jet-form-builder__action-button jet-form-builder__submit submit-type-reload\" type=\"submit\">Enviar<\/button>\n\t<\/div>\n\t\n<\/div>\n\n\n<p><\/p>\n\t<div class=\"jet-form-builder-messages-wrap\" data-form-id=\"23801\"><\/div>\n<\/form>\n\t\t\t\t<\/div>\n\t\t\t\t<\/div>\n\t\t\t\t\t<\/div>\n\t\t\t\t<\/div>\n\t\t\t\t<\/div>\n\t\t\n<\/div>\n<\/div>\n\n\n\n<p><\/p>\n","protected":false},"excerpt":{"rendered":"<p>Preencha o formul\u00e1rio e aguarde entrarmos em contato. Aumente suas for\u00e7as como empres\u00e1rio e fa\u00e7a parte do associativismo ACIARA, vamos nos unir em prol do desenvolvimento socioecon\u00f4mico e a cria\u00e7\u00e3o de um ambiente adequado para os neg\u00f3cios, por meio de a\u00e7\u00f5es planejamento em conjunto que contribuam para o aquecimento das vendas e crescimento do mercado [&hellip;]<\/p>\n","protected":false},"author":1,"featured_media":0,"parent":0,"menu_order":0,"comment_status":"closed","ping_status":"closed","template":"","meta":{"footnotes":""},"class_list":["post-23484","page","type-page","status-publish","hentry"],"_links":{"self":[{"href":"https:\/\/portalaciara.com\/novosite\/wp-json\/wp\/v2\/pages\/23484","targetHints":{"allow":["GET"]}}],"collection":[{"href":"https:\/\/portalaciara.com\/novosite\/wp-json\/wp\/v2\/pages"}],"about":[{"href":"https:\/\/portalaciara.com\/novosite\/wp-json\/wp\/v2\/types\/page"}],"author":[{"embeddable":true,"href":"https:\/\/portalaciara.com\/novosite\/wp-json\/wp\/v2\/users\/1"}],"replies":[{"embeddable":true,"href":"https:\/\/portalaciara.com\/novosite\/wp-json\/wp\/v2\/comments?post=23484"}],"version-history":[{"count":25,"href":"https:\/\/portalaciara.com\/novosite\/wp-json\/wp\/v2\/pages\/23484\/revisions"}],"predecessor-version":[{"id":24700,"href":"https:\/\/portalaciara.com\/novosite\/wp-json\/wp\/v2\/pages\/23484\/revisions\/24700"}],"wp:attachment":[{"href":"https:\/\/portalaciara.com\/novosite\/wp-json\/wp\/v2\/media?parent=23484"}],"curies":[{"name":"wp","href":"https:\/\/api.w.org\/{rel}","templated":true}]}}